{"id":90,"date":"2022-08-29T17:09:09","date_gmt":"2022-08-29T15:09:09","guid":{"rendered":"http:\/\/consylium.net\/?page_id=90"},"modified":"2023-01-06T11:03:54","modified_gmt":"2023-01-06T10:03:54","slug":"contact","status":"publish","type":"page","link":"https:\/\/consylium.net\/index.php\/contact\/","title":{"rendered":"Contact"},"content":{"rendered":"\n<p>Claire MARTY &#8211; CONSYLIUM<\/p>\n\n\n\n<p>Adresse postale : 12 rue Lesdigui\u00e8res &#8211; 38000 GRENOBLE<\/p>\n\n\n\n<p>Vous recevoir : Cabinet Libert\u00e9 &#8211; 6 rue de la Libert\u00e9 &#8211; 38000 GRENOBLE &#8211; Arr\u00eat Verdun (Tram A) &#8211; Arr\u00eat Maison du tourisme (Tram A et B)<\/p>\n\n\n\n<p>T\u00e9l\u00e9phone : 06.72.00.57.41<\/p>\n\n\n\n<p>Mail : consylium38@gmail.com<\/p>\n\n\n\n<p>Linkedin : <a href=\"https:\/\/www.linkedin.com\/in\/claire-marty-68643358\/\"><a href=\"https:\/\/www.linkedin.com\/in\/claire-marty-68643358\/\">(3) Claire Marty | LinkedIn<\/a><\/a><\/p>\n\n\n\n<figure class=\"wp-block-image size-full\"><img loading=\"lazy\" decoding=\"async\" width=\"650\" height=\"338\" src=\"https:\/\/consylium.net\/wp-content\/uploads\/2022\/09\/6-rue-de-la-liberte.png\" alt=\"\" class=\"wp-image-327\" srcset=\"https:\/\/consylium.net\/wp-content\/uploads\/2022\/09\/6-rue-de-la-liberte.png 650w, https:\/\/consylium.net\/wp-content\/uploads\/2022\/09\/6-rue-de-la-liberte-300x156.png 300w\" sizes=\"auto, (max-width: 650px) 100vw, 650px\" \/><\/figure>\n","protected":false},"excerpt":{"rendered":"<p>Claire MARTY &#8211; CONSYLIUM Adresse postale : 12 rue Lesdigui\u00e8res &#8211; 38000 GRENOBLE Vous recevoir : Cabinet Libert\u00e9 &#8211; 6 rue de la Libert\u00e9 &#8211; 38000 GRENOBLE &#8211; Arr\u00eat Verdun (Tram A) &#8211; Arr\u00eat Maison du tourisme (Tram A et B) T\u00e9l\u00e9phone : 06.72.00.57.41 Mail : consylium38@gmail.com Linkedin : (3) Claire Marty | LinkedIn<\/p>\n","protected":false},"author":1,"featured_media":158,"parent":0,"menu_order":0,"comment_status":"closed","ping_status":"closed","template":"","meta":{"footnotes":""},"class_list":["post-90","page","type-page","status-publish","has-post-thumbnail","hentry"],"_links":{"self":[{"href":"https:\/\/consylium.net\/index.php\/wp-json\/wp\/v2\/pages\/90","targetHints":{"allow":["GET"]}}],"collection":[{"href":"https:\/\/consylium.net\/index.php\/wp-json\/wp\/v2\/pages"}],"about":[{"href":"https:\/\/consylium.net\/index.php\/wp-json\/wp\/v2\/types\/page"}],"author":[{"embeddable":true,"href":"https:\/\/consylium.net\/index.php\/wp-json\/wp\/v2\/users\/1"}],"replies":[{"embeddable":true,"href":"https:\/\/consylium.net\/index.php\/wp-json\/wp\/v2\/comments?post=90"}],"version-history":[{"count":6,"href":"https:\/\/consylium.net\/index.php\/wp-json\/wp\/v2\/pages\/90\/revisions"}],"predecessor-version":[{"id":394,"href":"https:\/\/consylium.net\/index.php\/wp-json\/wp\/v2\/pages\/90\/revisions\/394"}],"wp:featuredmedia":[{"embeddable":true,"href":"https:\/\/consylium.net\/index.php\/wp-json\/wp\/v2\/media\/158"}],"wp:attachment":[{"href":"https:\/\/consylium.net\/index.php\/wp-json\/wp\/v2\/media?parent=90"}],"curies":[{"name":"wp","href":"https:\/\/api.w.org\/{rel}","templated":true}]}}