{"id":354,"date":"2022-10-21T07:49:42","date_gmt":"2022-10-21T05:49:42","guid":{"rendered":"https:\/\/consylium.net\/?page_id=354"},"modified":"2026-04-09T07:54:50","modified_gmt":"2026-04-09T05:54:50","slug":"offres-demploi","status":"publish","type":"page","link":"https:\/\/consylium.net\/index.php\/offres-demploi\/","title":{"rendered":"Offres d&#8217;emploi"},"content":{"rendered":"\n<p>Je recherche :<\/p>\n\n\n\n<p>Un(e) Responsable Achats Groupe en CDI (Voiron ou Sud Gr\u00e9sivaudan &#8211; 38)<\/p>\n\n\n\n<p>Un(e) Responsable applicatif en CDI (Montbonnot &#8211; 38)<\/p>\n\n\n\n<p>Un(e) R\u00e9f\u00e9rent(e) Technique &#8211; B\u00e2timents et Equipements en CDI (R\u00e9gion Nord : bas\u00e9 en IDF ou \u00e0 Tours &#8211; 37)<\/p>\n\n\n\n<p>Un(e) R\u00e9f\u00e9rent(e) Technique &#8211; B\u00e2timents et Equipements en CDI (R\u00e9gion Sud : bas\u00e9 \u00e0 Lyon &#8211; 69)<\/p>\n\n\n\n<p>Un(e) Responsable Environnement en CDI (42 ou 74)<\/p>\n\n\n\n<p>Un(e) Responsable Qualit\u00e9 en CDI (42)<\/p>\n\n\n\n<p>Un(e) Assistant(e) technique en CDI sur Caluire (69)<\/p>\n\n\n\n<p>Un(e) Assistante technique en CDI sur Lyon 7 (69)<\/p>\n\n\n\n<p>Un(e) Comptable en CDI sur Les M\u00e9nuires (73)<\/p>\n\n\n\n<p>Diff\u00e9rents postes en CDI en Etudes de prix (01, 13, 34, 38, 42, 69)<\/p>\n\n\n\n<p><\/p>\n\n\n\n<p>Contactez-moi pour plus d&rsquo;informations : consylium38@gmail.com<\/p>\n","protected":false},"excerpt":{"rendered":"<p>Je recherche : Un(e) Responsable Achats Groupe en CDI (Voiron ou Sud Gr\u00e9sivaudan &#8211; 38) Un(e) Responsable applicatif en CDI (Montbonnot &#8211; 38) Un(e) R\u00e9f\u00e9rent(e) Technique &#8211; B\u00e2timents et Equipements en CDI (R\u00e9gion Nord : bas\u00e9 en IDF ou \u00e0 Tours &#8211; 37) Un(e) R\u00e9f\u00e9rent(e) Technique &#8211; B\u00e2timents et Equipements en CDI (R\u00e9gion Sud : &hellip; <\/p>\n<p class=\"link-more\"><a href=\"https:\/\/consylium.net\/index.php\/offres-demploi\/\" class=\"more-link\">Continuer la lecture<span class=\"screen-reader-text\"> de &laquo;&nbsp;Offres d&#8217;emploi&nbsp;&raquo;<\/span><\/a><\/p>\n","protected":false},"author":1,"featured_media":348,"parent":0,"menu_order":0,"comment_status":"closed","ping_status":"closed","template":"","meta":{"footnotes":""},"class_list":["post-354","page","type-page","status-publish","has-post-thumbnail","hentry"],"_links":{"self":[{"href":"https:\/\/consylium.net\/index.php\/wp-json\/wp\/v2\/pages\/354","targetHints":{"allow":["GET"]}}],"collection":[{"href":"https:\/\/consylium.net\/index.php\/wp-json\/wp\/v2\/pages"}],"about":[{"href":"https:\/\/consylium.net\/index.php\/wp-json\/wp\/v2\/types\/page"}],"author":[{"embeddable":true,"href":"https:\/\/consylium.net\/index.php\/wp-json\/wp\/v2\/users\/1"}],"replies":[{"embeddable":true,"href":"https:\/\/consylium.net\/index.php\/wp-json\/wp\/v2\/comments?post=354"}],"version-history":[{"count":42,"href":"https:\/\/consylium.net\/index.php\/wp-json\/wp\/v2\/pages\/354\/revisions"}],"predecessor-version":[{"id":484,"href":"https:\/\/consylium.net\/index.php\/wp-json\/wp\/v2\/pages\/354\/revisions\/484"}],"wp:featuredmedia":[{"embeddable":true,"href":"https:\/\/consylium.net\/index.php\/wp-json\/wp\/v2\/media\/348"}],"wp:attachment":[{"href":"https:\/\/consylium.net\/index.php\/wp-json\/wp\/v2\/media?parent=354"}],"curies":[{"name":"wp","href":"https:\/\/api.w.org\/{rel}","templated":true}]}}