{"id":141,"date":"2022-08-30T17:56:19","date_gmt":"2022-08-30T15:56:19","guid":{"rendered":"http:\/\/consylium.net\/?page_id=141"},"modified":"2023-11-15T09:52:48","modified_gmt":"2023-11-15T08:52:48","slug":"conseil-rh","status":"publish","type":"page","link":"https:\/\/consylium.net\/index.php\/conseil-rh\/","title":{"rendered":"Conseil RH"},"content":{"rendered":"\n<div class=\"wp-block-columns is-layout-flex wp-container-core-columns-is-layout-9d6595d7 wp-block-columns-is-layout-flex\">\n<div class=\"wp-block-column is-layout-flow wp-block-column-is-layout-flow\" style=\"flex-basis:50%\">\n<p>Certifi\u00e9e AEC-DISC (4 couleurs), PfPI, IRMR-R, HEXA-3D, form\u00e9e \u00e0 Process Communication Model\u00ae, et b\u00e9n\u00e9ficiant de 18 ans d&rsquo;exp\u00e9rience comme Consultante en Ressources Humaines, je vous propose de vous accompagner autour de diff\u00e9rentes th\u00e9matiques :<\/p>\n<\/div>\n\n\n\n<div class=\"wp-block-column is-layout-flow wp-block-column-is-layout-flow\" style=\"flex-basis:50%\">\n<figure class=\"wp-block-image size-full is-resized\"><img loading=\"lazy\" decoding=\"async\" width=\"1000\" height=\"500\" src=\"https:\/\/consylium.net\/wp-content\/uploads\/2022\/09\/Logo-AEC-DISC-HD-1.jpg\" alt=\"\" class=\"wp-image-312\" style=\"width:223px;height:111px\" srcset=\"https:\/\/consylium.net\/wp-content\/uploads\/2022\/09\/Logo-AEC-DISC-HD-1.jpg 1000w, https:\/\/consylium.net\/wp-content\/uploads\/2022\/09\/Logo-AEC-DISC-HD-1-300x150.jpg 300w, https:\/\/consylium.net\/wp-content\/uploads\/2022\/09\/Logo-AEC-DISC-HD-1-768x384.jpg 768w\" sizes=\"auto, (max-width: 767px) 89vw, (max-width: 1000px) 54vw, (max-width: 1071px) 543px, 580px\" \/><\/figure>\n<\/div>\n<\/div>\n\n\n\n<p><strong>Recrutement :<\/strong> Les entreprises souffrent aujourd&rsquo;hui d\u2019une forte p\u00e9nurie de candidats alors que les besoins en recrutement vont crescendo. Le taux de ch\u00f4mage n&rsquo;a jamais \u00e9t\u00e9 aussi bas depuis 2008, les talents sont donc souvent en poste, et la situation \u00e9conomique post COVID comme la situation g\u00e9opolitique actuelle freinent les salari\u00e9s \u00e0 la mobilit\u00e9. Il faut donc \u00ab\u00a0aller les chercher\u00a0\u00bb, et parfois les convaincre. Souvent, les entreprises n&rsquo;ont pas en interne le temps, les ressources ou les comp\u00e9tences n\u00e9cessaires pour faire du sourcing, de la \u00ab\u00a0chasse\u00a0\u00bb. Par ailleurs, une erreur de recrutement peut avoir un co\u00fbt (temps de formations, investissements divers \u00e0 la prise de fonction, investissement des collaborateurs, mauvaise image&#8230;) : <em>\u00ab&nbsp;Un recrutement rat\u00e9, \u00e7a co\u00fbte cher. D\u2019accord, mais combien exactement ? Quel est son co\u00fbt r\u00e9el et comment le calculer ? L\u2019estimation moyenne tourne autour des 40.000 \u20ac en moyenne&nbsp;\u00bb &#8211; Source&nbsp;: Happytomeetyou.fr.&nbsp;<\/em>Les entreprises souhaitent donc s\u00e9curiser leurs choix en passant par des professionnels du recrutement, alliant exp\u00e9rience et outils ad hoc. C&rsquo;est ce que je vous propose au travers des offres de service \u00ab\u00a0Recrutement\u00a0\u00bb de Consylium, <strong>des offres adapt\u00e9es et sur mesure<\/strong>, en fonction de vos besoins (du sourcing de profil, \u00e0 la pr\u00e9-s\u00e9lection, en passant par des process complets, <strong>au succ\u00e8s ou en exclusivit\u00e9<\/strong>).<\/p>\n\n\n\n<p><strong>Evaluations de potentiels :<\/strong> Vous avez besoin d&rsquo;un avis ext\u00e9rieur afin d&rsquo;objectiver votre choix pour un candidat finaliste, ou vous h\u00e9sitez entre plusieurs candidats \u00e0 la fin d&rsquo;un processus de recrutement ? Vous avez besoin d&rsquo;un feedback professionnel et ext\u00e9rieur dans le cadre de mobilit\u00e9s internes (ouverture de poste, mont\u00e9e en responsabilit\u00e9s d&rsquo;un collaborateur, mobilit\u00e9s li\u00e9es \u00e0  des probl\u00e9matiques de sant\u00e9, &#8230;) ? Consylium peut vous aider dans l&rsquo;\u00e9valuation de leurs potentiels, en <strong>mettant en lumi\u00e8re les atouts et les points de progr\u00e8s<\/strong> des diff\u00e9rents profils, en fonction du poste et \/ ou des objectifs vis\u00e9s.<\/p>\n\n\n\n<p><strong>Reclassement :<\/strong> Vous vous s\u00e9parez de l&rsquo;un de vos collaborateurs et vous souhaitez l&rsquo;accompagner dans son repositionnement professionnel  ? Consylium vous propose un <strong>accompagnement sur mesure<\/strong> en fonction de votre besoin et du besoin de votre collaborateur (bilan professionnel, aide \u00e0 la mise en place d&rsquo;un projet professionnel n\u00e9cessitant une reprise de formation, une cr\u00e9ation d&rsquo;entreprise, m\u00e9thodologie de recherche d&#8217;emploi, &#8230;)<\/p>\n\n\n\n<p><strong>Bilan de comp\u00e9tences <\/strong>: Vous souhaitez accompagner l&rsquo;un de vos salari\u00e9s dans une r\u00e9flexion sur son avenir professionnel, en interne comme en externe, afin qu&rsquo;il puisse construire un projet r\u00e9aliste et r\u00e9alisable ? Le bilan de comp\u00e9tences peut \u00eatre un formidable <strong>outil de GPEC<\/strong> pour l&rsquo;entreprise, comme un r\u00e9el soutien au salari\u00e9 dans une r\u00e9flexion qu&rsquo;il peut \u00eatre complexe de mener seul.<\/p>\n\n\n\n<p><strong>Accompagnement des \u00e9tudiants \u00e0 l&rsquo;entr\u00e9e dans la vie active <\/strong>: Etudiant en derni\u00e8re ann\u00e9e ou avant-derni\u00e8re ann\u00e9e de votre cursus ? Vous allez devoir affiner vos objectifs professionnels et vous \u00ab\u00a0vendre\u00a0\u00bb pour un stage, une alternance, un 1er job&#8230; Je vous propose de vous accompagner via l&rsquo;outil <strong>DISC<\/strong> (un questionnaire en ligne permettant d&rsquo;identifier votre \u00ab\u00a0profil\u00a0\u00bb (4 couleurs, 6 valeurs)) et des s\u00e9ances de <strong>d\u00e9briefing<\/strong> et de <strong>r\u00e9flexion<\/strong> autour des r\u00e9sultats de cet outils, et ainsi vous aider \u00e0\u00a0:<br>&#8211;\u00a0\u00a0\u00a0\u00a0\u00a0\u00a0\u00a0\u00a0\u00a0Mieux comprendre de quoi vous avez besoin (quel poste, quel niveau de responsabilit\u00e9s, quel type d\u2019environnement humain, organisationnel, \u2026) pour candidater efficacement et optimiser votre bien-\u00eatre au travail<br>&#8211;\u00a0\u00a0\u00a0\u00a0\u00a0\u00a0\u00a0\u00a0\u00a0Mieux vous conna\u00eetre et donc mieux parler de vous (pour un entretien d\u2019embauche, de stage, \u2026)<br>&#8211;\u00a0\u00a0\u00a0\u00a0\u00a0\u00a0\u00a0\u00a0\u00a0Mieux comprendre comment les autres fonctionnent afin de vous int\u00e9grer de fa\u00e7on optimum dans votre future entreprise, \u00e9quipe\u2026<\/p>\n\n\n\n<p><strong>Ils me font confiance <\/strong>:<\/p>\n\n\n\n<div class=\"wp-block-columns is-layout-flex wp-container-core-columns-is-layout-9d6595d7 wp-block-columns-is-layout-flex\">\n<div class=\"wp-block-column is-layout-flow wp-block-column-is-layout-flow\" style=\"flex-basis:100%\">\n<div class=\"wp-block-group\"><div class=\"wp-block-group__inner-container is-layout-constrained wp-block-group-is-layout-constrained\">\n<div class=\"wp-block-group\"><div class=\"wp-block-group__inner-container is-layout-constrained wp-block-group-is-layout-constrained\">\n<div class=\"wp-block-columns are-vertically-aligned-center is-layout-flex wp-container-core-columns-is-layout-9d6595d7 wp-block-columns-is-layout-flex\">\n<div class=\"wp-block-column is-vertically-aligned-center is-layout-flow wp-block-column-is-layout-flow\">\n<figure class=\"wp-block-gallery has-nested-images columns-default is-cropped wp-block-gallery-1 is-layout-flex wp-block-gallery-is-layout-flex\">\n<figure class=\"wp-block-image size-large\"><img loading=\"lazy\" decoding=\"async\" width=\"1024\" height=\"604\" data-id=\"367\" src=\"https:\/\/consylium.net\/wp-content\/uploads\/2022\/11\/Logo-INFIPP_bleu-espace-1-1024x604.png\" alt=\"\" class=\"wp-image-367\" srcset=\"https:\/\/consylium.net\/wp-content\/uploads\/2022\/11\/Logo-INFIPP_bleu-espace-1-1024x604.png 1024w, https:\/\/consylium.net\/wp-content\/uploads\/2022\/11\/Logo-INFIPP_bleu-espace-1-300x177.png 300w, https:\/\/consylium.net\/wp-content\/uploads\/2022\/11\/Logo-INFIPP_bleu-espace-1-768x453.png 768w, https:\/\/consylium.net\/wp-content\/uploads\/2022\/11\/Logo-INFIPP_bleu-espace-1-1536x907.png 1536w, https:\/\/consylium.net\/wp-content\/uploads\/2022\/11\/Logo-INFIPP_bleu-espace-1-2048x1209.png 2048w\" sizes=\"auto, (max-width: 767px) 89vw, (max-width: 1000px) 54vw, (max-width: 1071px) 543px, 580px\" \/><figcaption class=\"wp-element-caption\"><a href=\"https:\/\/www.infipp.com\/\">https:\/\/www.infipp.com\/<\/a><\/figcaption><\/figure>\n<\/figure>\n<\/div>\n\n\n\n<div class=\"wp-block-column is-vertically-aligned-center is-layout-flow wp-block-column-is-layout-flow\">\n<figure class=\"wp-block-image size-large\"><img loading=\"lazy\" decoding=\"async\" width=\"1024\" height=\"244\" src=\"https:\/\/consylium.net\/wp-content\/uploads\/2022\/11\/logo-png-1024x244.png\" alt=\"\" class=\"wp-image-369\" srcset=\"https:\/\/consylium.net\/wp-content\/uploads\/2022\/11\/logo-png-1024x244.png 1024w, https:\/\/consylium.net\/wp-content\/uploads\/2022\/11\/logo-png-300x71.png 300w, https:\/\/consylium.net\/wp-content\/uploads\/2022\/11\/logo-png-768x183.png 768w, https:\/\/consylium.net\/wp-content\/uploads\/2022\/11\/logo-png.png 1500w\" sizes=\"auto, (max-width: 767px) 89vw, (max-width: 1000px) 54vw, (max-width: 1071px) 543px, 580px\" \/><figcaption class=\"wp-element-caption\"><a href=\"https:\/\/cliniquedumail.fr\/\">https:\/\/cliniquedumail.fr\/<\/a><\/figcaption><\/figure>\n<\/div>\n\n\n\n<div class=\"wp-block-column is-vertically-aligned-center is-layout-flow wp-block-column-is-layout-flow\">\n<figure class=\"wp-block-image size-large\"><img loading=\"lazy\" decoding=\"async\" width=\"1024\" height=\"315\" src=\"https:\/\/consylium.net\/wp-content\/uploads\/2022\/11\/OHE-Logo-XL-1024x315.jpg\" alt=\"\" class=\"wp-image-371\" srcset=\"https:\/\/consylium.net\/wp-content\/uploads\/2022\/11\/OHE-Logo-XL-1024x315.jpg 1024w, https:\/\/consylium.net\/wp-content\/uploads\/2022\/11\/OHE-Logo-XL-300x92.jpg 300w, https:\/\/consylium.net\/wp-content\/uploads\/2022\/11\/OHE-Logo-XL-768x236.jpg 768w, https:\/\/consylium.net\/wp-content\/uploads\/2022\/11\/OHE-Logo-XL-1536x472.jpg 1536w, https:\/\/consylium.net\/wp-content\/uploads\/2022\/11\/OHE-Logo-XL-2048x629.jpg 2048w\" sizes=\"auto, (max-width: 767px) 89vw, (max-width: 1000px) 54vw, (max-width: 1071px) 543px, 580px\" \/><figcaption class=\"wp-element-caption\"><a href=\"https:\/\/www.op38.eu\/\">https:\/\/www.op38.eu\/<\/a><\/figcaption><\/figure>\n<\/div>\n<\/div>\n<\/div><\/div>\n<\/div><\/div>\n<\/div>\n<\/div>\n\n\n\n<div class=\"wp-block-columns are-vertically-aligned-center is-layout-flex wp-container-core-columns-is-layout-9d6595d7 wp-block-columns-is-layout-flex\">\n<div class=\"wp-block-column is-vertically-aligned-center is-layout-flow wp-block-column-is-layout-flow\">\n<figure class=\"wp-block-gallery has-nested-images columns-default is-cropped wp-block-gallery-2 is-layout-flex wp-block-gallery-is-layout-flex\">\n<figure class=\"wp-block-image size-large\"><img loading=\"lazy\" decoding=\"async\" width=\"636\" height=\"436\" data-id=\"375\" src=\"https:\/\/consylium.net\/wp-content\/uploads\/2022\/11\/new-logo-ALPAS-150.jpg\" alt=\"\" class=\"wp-image-375\" srcset=\"https:\/\/consylium.net\/wp-content\/uploads\/2022\/11\/new-logo-ALPAS-150.jpg 636w, https:\/\/consylium.net\/wp-content\/uploads\/2022\/11\/new-logo-ALPAS-150-300x206.jpg 300w\" sizes=\"auto, (max-width: 636px) 100vw, 636px\" \/><figcaption class=\"wp-element-caption\"><a href=\"https:\/\/www.alpas.fr\/\">https:\/\/www.alpas.fr\/<\/a><\/figcaption><\/figure>\n<\/figure>\n<\/div>\n\n\n\n<div class=\"wp-block-column is-vertically-aligned-center is-layout-flow wp-block-column-is-layout-flow\">\n<figure class=\"wp-block-image size-large\"><img loading=\"lazy\" decoding=\"async\" width=\"1024\" height=\"265\" src=\"https:\/\/consylium.net\/wp-content\/uploads\/2022\/11\/Logo-AIRRIA_Fond-transparent-1024x265.png\" alt=\"\" class=\"wp-image-379\" srcset=\"https:\/\/consylium.net\/wp-content\/uploads\/2022\/11\/Logo-AIRRIA_Fond-transparent-1024x265.png 1024w, https:\/\/consylium.net\/wp-content\/uploads\/2022\/11\/Logo-AIRRIA_Fond-transparent-300x78.png 300w, https:\/\/consylium.net\/wp-content\/uploads\/2022\/11\/Logo-AIRRIA_Fond-transparent-768x199.png 768w, https:\/\/consylium.net\/wp-content\/uploads\/2022\/11\/Logo-AIRRIA_Fond-transparent-1536x397.png 1536w, https:\/\/consylium.net\/wp-content\/uploads\/2022\/11\/Logo-AIRRIA_Fond-transparent-2048x530.png 2048w\" sizes=\"auto, (max-width: 767px) 89vw, (max-width: 1000px) 54vw, (max-width: 1071px) 543px, 580px\" \/><figcaption class=\"wp-element-caption\"><a href=\"https:\/\/airria.com\/fr\"><em>https:\/\/airria.com\/fr<\/em><\/a><\/figcaption><\/figure>\n<\/div>\n\n\n\n<div class=\"wp-block-column is-vertically-aligned-center is-layout-flow wp-block-column-is-layout-flow\">\n<figure class=\"wp-block-image size-full\"><img loading=\"lazy\" decoding=\"async\" width=\"182\" height=\"153\" src=\"https:\/\/consylium.net\/wp-content\/uploads\/2022\/11\/Sauvegarde-Isere.png\" alt=\"\" class=\"wp-image-381\"\/><figcaption class=\"wp-element-caption\"><a href=\"https:\/\/www.sauvegarde-isere.fr\/\">https:\/\/www.sauvegarde-isere.fr\/<\/a><\/figcaption><\/figure>\n<\/div>\n<\/div>\n\n\n\n<div class=\"wp-block-columns is-layout-flex wp-container-core-columns-is-layout-9d6595d7 wp-block-columns-is-layout-flex\">\n<div class=\"wp-block-column is-layout-flow wp-block-column-is-layout-flow\">\n<figure class=\"wp-block-image size-full\"><img loading=\"lazy\" decoding=\"async\" width=\"206\" height=\"115\" src=\"https:\/\/consylium.net\/wp-content\/uploads\/2022\/11\/R.png\" alt=\"\" class=\"wp-image-384\"\/><figcaption class=\"wp-element-caption\"><a href=\"http:\/\/www.adate.org\/\">http:\/\/www.adate.org\/<\/a><\/figcaption><\/figure>\n<\/div>\n\n\n\n<div class=\"wp-block-column is-layout-flow wp-block-column-is-layout-flow\">\n<figure class=\"wp-block-image size-full is-resized\"><img loading=\"lazy\" decoding=\"async\" width=\"474\" height=\"321\" src=\"https:\/\/consylium.net\/wp-content\/uploads\/2023\/10\/OIP.jpg\" alt=\"\" class=\"wp-image-413\" style=\"aspect-ratio:1.4766355140186915;width:235px;height:auto\" srcset=\"https:\/\/consylium.net\/wp-content\/uploads\/2023\/10\/OIP.jpg 474w, https:\/\/consylium.net\/wp-content\/uploads\/2023\/10\/OIP-300x203.jpg 300w\" sizes=\"auto, (max-width: 474px) 100vw, 474px\" \/><\/figure>\n<\/div>\n\n\n\n<div class=\"wp-block-column is-layout-flow wp-block-column-is-layout-flow\"><\/div>\n<\/div>\n\n\n\n<p><\/p>\n","protected":false},"excerpt":{"rendered":"<p>Certifi\u00e9e AEC-DISC (4 couleurs), PfPI, IRMR-R, HEXA-3D, form\u00e9e \u00e0 Process Communication Model\u00ae, et b\u00e9n\u00e9ficiant de 18 ans d&rsquo;exp\u00e9rience comme Consultante en Ressources Humaines, je vous propose de vous accompagner autour de diff\u00e9rentes th\u00e9matiques : Recrutement : Les entreprises souffrent aujourd&rsquo;hui d\u2019une forte p\u00e9nurie de candidats alors que les besoins en recrutement vont crescendo. Le taux &hellip; <\/p>\n<p class=\"link-more\"><a href=\"https:\/\/consylium.net\/index.php\/conseil-rh\/\" class=\"more-link\">Continuer la lecture<span class=\"screen-reader-text\"> de &laquo;&nbsp;Conseil RH&nbsp;&raquo;<\/span><\/a><\/p>\n","protected":false},"author":1,"featured_media":207,"parent":0,"menu_order":0,"comment_status":"closed","ping_status":"closed","template":"","meta":{"footnotes":""},"class_list":["post-141","page","type-page","status-publish","has-post-thumbnail","hentry"],"_links":{"self":[{"href":"https:\/\/consylium.net\/index.php\/wp-json\/wp\/v2\/pages\/141","targetHints":{"allow":["GET"]}}],"collection":[{"href":"https:\/\/consylium.net\/index.php\/wp-json\/wp\/v2\/pages"}],"about":[{"href":"https:\/\/consylium.net\/index.php\/wp-json\/wp\/v2\/types\/page"}],"author":[{"embeddable":true,"href":"https:\/\/consylium.net\/index.php\/wp-json\/wp\/v2\/users\/1"}],"replies":[{"embeddable":true,"href":"https:\/\/consylium.net\/index.php\/wp-json\/wp\/v2\/comments?post=141"}],"version-history":[{"count":19,"href":"https:\/\/consylium.net\/index.php\/wp-json\/wp\/v2\/pages\/141\/revisions"}],"predecessor-version":[{"id":445,"href":"https:\/\/consylium.net\/index.php\/wp-json\/wp\/v2\/pages\/141\/revisions\/445"}],"wp:featuredmedia":[{"embeddable":true,"href":"https:\/\/consylium.net\/index.php\/wp-json\/wp\/v2\/media\/207"}],"wp:attachment":[{"href":"https:\/\/consylium.net\/index.php\/wp-json\/wp\/v2\/media?parent=141"}],"curies":[{"name":"wp","href":"https:\/\/api.w.org\/{rel}","templated":true}]}}