{"id":137,"date":"2022-08-30T17:53:24","date_gmt":"2022-08-30T15:53:24","guid":{"rendered":"http:\/\/consylium.net\/?page_id=137"},"modified":"2022-10-14T11:37:35","modified_gmt":"2022-10-14T09:37:35","slug":"hypnose-ericksonienne","status":"publish","type":"page","link":"https:\/\/consylium.net\/index.php\/hypnose-ericksonienne\/","title":{"rendered":"Hypnose Ericksonienne"},"content":{"rendered":"\n<p>Vous recherchez une solution pour vous <strong>lib\u00e9rer de certains blocages, de certains<\/strong> <strong>comportements limitants<\/strong>, de certains comportements \u00ab\u00a0automatiques\u00a0\u00bb qui ne vous conviennent plus\u00a0? L\u2019hypnose est une forme de <strong>th\u00e9rapie br\u00e8ve<\/strong> qui peut r\u00e9pondre \u00e0 votre besoin et vous permettre, en une ou quelques s\u00e9ances, d\u2019<strong>atteindre cet objectif<\/strong> de \u00ab\u00a0mieux-\u00eatre\u00a0\u00bb, en allant stimuler vos ressources inconscientes\u00a0: oui, vous avez d\u00e9j\u00e0 tout en vous ! L\u2019hypnose vous permettra de r\u00e9v\u00e9ler ces ressources et de vous les approprier en toute bienveillance, pour \u00e9voluer vers la <strong>r\u00e9solution de votre probl\u00e9matique<\/strong>. L\u2019Hypnose Ericksonienne est \u00e9galement appel\u00e9e hypnose humaniste (elle respecte l\u2019individu) ou hypnose utilisationnelle (car elle utilise ce que la personne \u00ab\u00a0apporte\u00a0\u00bb avec elle, prend appui sur ce qui \u00ab\u00a0est\u00a0\u00bb, et reste centr\u00e9e sur ses attentes individuelles). J\u2019ai moi-m\u00eame d\u00e9couvert cette pratique th\u00e9rapeutique en tant que \u00ab\u00a0patiente\u00a0\u00bb, et les r\u00e9sultats rapides m\u2019ont totalement conquise. J\u2019ai souhait\u00e9 aller plus loin et me suis form\u00e9e \u00e0 cette technique. <\/p>\n\n\n\n<p><strong>Les sujets sur lesquels l&rsquo;hypnose peut vous accompagner <\/strong>: Et bien\u2026 tous les sujets ! D\u00e8s qu\u2019il est question de volont\u00e9 de <strong>changement<\/strong>, de modifier notre perception, notre positionnement, sur tel ou tel sujet, de <strong>se lib\u00e9rer<\/strong> de comportements limitants, l\u2019hypnose est adapt\u00e9e. Que ce soit une phobie (\u00ab je veux changer mon attitude face \u00e0 une araign\u00e9e \u00bb), une addiction (\u00ab je veux changer mon rapport \u00e0 la cigarette, \u00e0 la nourriture et ainsi arr\u00eater de fumer \/ de manger \u00e0 l\u2019exc\u00e8s \u00bb), un probl\u00e8me relationnel\/communicationnel (\u00ab\u00a0je veux \u00eatre plus \u00e0 l&rsquo;aise dans la prise de parole en public\u00a0\u00bb, \u00ab\u00a0je veux aller plus facilement vers l&rsquo;autre\u00a0\u00bb, \u00ab\u00a0je veux trouver ma place en tant que manager\u00a0\u00bb), un probl\u00e8me \u00e9motionnel (\u00ab\u00a0je veux reprendre confiance en moi apr\u00e8s un \u00e9puisement professionnel\u00a0\u00bb, \u00a0\u00bb je veux me prot\u00e9ger des \u00e9motions des autres\u00a0\u00bb, \u00ab\u00a0je veux mieux g\u00e9rer mes propres \u00e9motions\u00a0\u00bb, \u00ab\u00a0je ne veux plus culpabiliser\u00a0\u00bb, \u00ab\u00a0je ne veux plus me mettre en col\u00e8re\u00a0\u00bb, \u00ab\u00a0je veux retrouver le sommeil\u00a0\u00bb)\u2026. Bref, le champ d&rsquo;action de l&rsquo;Hypnose est tellement vaste qu&rsquo;il faudrait des pages et des pages pour citer tous les sujets qu&rsquo;elle peut traiter.<\/p>\n\n\n\n<p><strong>Comment se d\u00e9roule une s\u00e9ance d\u2019hypnose ? <\/strong>: En g\u00e9n\u00e9ral, la s\u00e9ance dure 1h15 \u00e0 1h30. Apr\u00e8s un entretien qui va nous permettre de faire connaissance et de d\u00e9terminer ensemble le ou les objectifs que vous souhaitez atteindre, vous vous installerez confortablement et je vous accompagnerai pour atteindre un niveau de relaxation qui va nous permettre de travailler ensemble sur votre objectif, en passant du monde logique, cognitif au monde sensoriel. Gr\u00e2ce \u00e0 la parole, \u00e0 une histoire, \u00e0 un scenario personnalis\u00e9, nous irons stimuler vos ressources inconscientes, et ainsi vous permettre de changer par vous-m\u00eame ce que vous souhaitez changer, vos m\u00e9canismes \u00ab\u00a0automatiques\u00a0\u00bb qui ne vous conviennent plus. Bien entendu, \u00e0 tout moment vous pourrez parler, bouger, intervenir ; \u00e0 aucun moment vous ne perdrez le contr\u00f4le de la s\u00e9ance. Une fois l&rsquo;histoire arriv\u00e9e \u00e0 son terme, le chemin int\u00e9rieur parcouru, nous \u00ab\u00a0remonterons\u00a0\u00bb ensemble en pleine conscience pour faire le point sur les ressentis durant la s\u00e9ance.<\/p>\n\n\n\n<p><strong>Mon accompagnement :<\/strong> Mon parcours m&rsquo;am\u00e8ne \u00e0 vous proposer tout particuli\u00e8rement des accompagnements autour de vos probl\u00e9matiques professionnelles, mais pas que !!!!<\/p>\n\n\n\n<p><strong>Tarif<\/strong> <strong>de la s\u00e9ance<\/strong> : 60 euros &#8211; <strong>R\u00e8glement<\/strong> : Ch\u00e8que ou esp\u00e8ces<\/p>\n\n\n\n<p>Je vous re\u00e7ois <strong>tous les mercredis<\/strong> \u00e0 mon cabinet, 6 rue de la Libert\u00e9 \u00e0 Grenoble &#8211; rdc gauche (Tram A : arr\u00eat Verdun-Pr\u00e9fecture &#8211; Tram B : Arr\u00eat \u00ab\u00a0Maison du tourisme &#8211; Hubert Dubedout)<\/p>\n\n\n\n<div class=\"wp-block-columns is-layout-flex wp-container-core-columns-is-layout-9d6595d7 wp-block-columns-is-layout-flex\">\n<div class=\"wp-block-column is-layout-flow wp-block-column-is-layout-flow\">\n<figure class=\"wp-block-image size-full\"><img loading=\"lazy\" decoding=\"async\" width=\"800\" height=\"599\" src=\"https:\/\/consylium.net\/wp-content\/uploads\/2022\/10\/1664957609910-1.jpg\" alt=\"\" class=\"wp-image-347\" srcset=\"https:\/\/consylium.net\/wp-content\/uploads\/2022\/10\/1664957609910-1.jpg 800w, https:\/\/consylium.net\/wp-content\/uploads\/2022\/10\/1664957609910-1-300x225.jpg 300w, https:\/\/consylium.net\/wp-content\/uploads\/2022\/10\/1664957609910-1-768x575.jpg 768w\" sizes=\"auto, (max-width: 767px) 89vw, (max-width: 1000px) 54vw, (max-width: 1071px) 543px, 580px\" \/><\/figure>\n<\/div>\n\n\n\n<div class=\"wp-block-column is-layout-flow wp-block-column-is-layout-flow\">\n<figure class=\"wp-block-image size-large\"><img loading=\"lazy\" decoding=\"async\" width=\"1024\" height=\"768\" src=\"https:\/\/consylium.net\/wp-content\/uploads\/2022\/10\/1664957609914-1024x768.jpg\" alt=\"\" class=\"wp-image-348\" srcset=\"https:\/\/consylium.net\/wp-content\/uploads\/2022\/10\/1664957609914-1024x768.jpg 1024w, https:\/\/consylium.net\/wp-content\/uploads\/2022\/10\/1664957609914-300x225.jpg 300w, https:\/\/consylium.net\/wp-content\/uploads\/2022\/10\/1664957609914-768x576.jpg 768w, https:\/\/consylium.net\/wp-content\/uploads\/2022\/10\/1664957609914-1536x1152.jpg 1536w, https:\/\/consylium.net\/wp-content\/uploads\/2022\/10\/1664957609914.jpg 1707w\" sizes=\"auto, (max-width: 767px) 89vw, (max-width: 1000px) 54vw, (max-width: 1071px) 543px, 580px\" \/><\/figure>\n<\/div>\n<\/div>\n\n\n\n<figure class=\"wp-block-image size-full is-resized\"><img loading=\"lazy\" decoding=\"async\" src=\"https:\/\/consylium.net\/wp-content\/uploads\/2022\/09\/6-rue-de-la-liberte.png\" alt=\"\" class=\"wp-image-327\" width=\"673\" height=\"350\" srcset=\"https:\/\/consylium.net\/wp-content\/uploads\/2022\/09\/6-rue-de-la-liberte.png 650w, https:\/\/consylium.net\/wp-content\/uploads\/2022\/09\/6-rue-de-la-liberte-300x156.png 300w\" sizes=\"auto, (max-width: 673px) 100vw, 673px\" \/><\/figure>\n\n\n<p><\/p>\n<p><!-- \/wp:post-content --><\/p>\n<p><!-- wp:paragraph --><\/p>\n<p><!-- \/wp:paragraph --><\/p>\n<p><!-- \/wp:paragraph --><!-- wp:paragraph --><\/p>\n<p><!-- \/wp:paragraph --><!-- wp:paragraph --><\/p>\n<p><\/p>\n<p><!-- \/wp:paragraph --><!-- wp:paragraph --><\/p>\n<p><\/p>\n<p><!-- \/wp:paragraph --><\/p>","protected":false},"excerpt":{"rendered":"<p>Vous recherchez une solution pour vous lib\u00e9rer de certains blocages, de certains comportements limitants, de certains comportements \u00ab\u00a0automatiques\u00a0\u00bb qui ne vous conviennent plus\u00a0? L\u2019hypnose est une forme de th\u00e9rapie br\u00e8ve qui peut r\u00e9pondre \u00e0 votre besoin et vous permettre, en une ou quelques s\u00e9ances, d\u2019atteindre cet objectif de \u00ab\u00a0mieux-\u00eatre\u00a0\u00bb, en allant stimuler vos ressources inconscientes\u00a0: &hellip; <\/p>\n<p class=\"link-more\"><a href=\"https:\/\/consylium.net\/index.php\/hypnose-ericksonienne\/\" class=\"more-link\">Continuer la lecture<span class=\"screen-reader-text\"> de &laquo;&nbsp;Hypnose Ericksonienne&nbsp;&raquo;<\/span><\/a><\/p>\n","protected":false},"author":1,"featured_media":250,"parent":0,"menu_order":0,"comment_status":"closed","ping_status":"closed","template":"","meta":{"footnotes":""},"class_list":["post-137","page","type-page","status-publish","has-post-thumbnail","hentry"],"_links":{"self":[{"href":"https:\/\/consylium.net\/index.php\/wp-json\/wp\/v2\/pages\/137","targetHints":{"allow":["GET"]}}],"collection":[{"href":"https:\/\/consylium.net\/index.php\/wp-json\/wp\/v2\/pages"}],"about":[{"href":"https:\/\/consylium.net\/index.php\/wp-json\/wp\/v2\/types\/page"}],"author":[{"embeddable":true,"href":"https:\/\/consylium.net\/index.php\/wp-json\/wp\/v2\/users\/1"}],"replies":[{"embeddable":true,"href":"https:\/\/consylium.net\/index.php\/wp-json\/wp\/v2\/comments?post=137"}],"version-history":[{"count":22,"href":"https:\/\/consylium.net\/index.php\/wp-json\/wp\/v2\/pages\/137\/revisions"}],"predecessor-version":[{"id":350,"href":"https:\/\/consylium.net\/index.php\/wp-json\/wp\/v2\/pages\/137\/revisions\/350"}],"wp:featuredmedia":[{"embeddable":true,"href":"https:\/\/consylium.net\/index.php\/wp-json\/wp\/v2\/media\/250"}],"wp:attachment":[{"href":"https:\/\/consylium.net\/index.php\/wp-json\/wp\/v2\/media?parent=137"}],"curies":[{"name":"wp","href":"https:\/\/api.w.org\/{rel}","templated":true}]}}